{"id":4662,"date":"2025-09-15T11:01:56","date_gmt":"2025-09-15T16:01:56","guid":{"rendered":"https:\/\/simonjanosessions.com\/?page_id=4662"},"modified":"2025-09-15T12:55:00","modified_gmt":"2025-09-15T17:55:00","slug":"politica-de-privacidad","status":"publish","type":"page","link":"https:\/\/simonjanosessions.com\/en\/politica-de-privacidad\/","title":{"rendered":"Pol\u00edtica de privacidad"},"content":{"rendered":"<h2 class=\"wp-block-heading\">Qui\u00e9nes somos<\/h2>\r\n\r\n\r\n\r\n<p data-pm-slice=\"1 1 []\">La direcci\u00f3n de nuestra web es: https:\/\/simonjanosessions.com\/<\/p>\r\n<p>En Simon Jano Sessions nos tomamos muy en serio la privacidad y la protecci\u00f3n de los datos personales de nuestros visitantes, suscriptores y clientes. Esta Pol\u00edtica de Privacidad explica qu\u00e9 tipo de informaci\u00f3n podemos recopilar, c\u00f3mo la usamos, con qui\u00e9n la compartimos y qu\u00e9 derechos tienes como usuario.<\/p>\r\n\r\n\r\n\r\n<h2 class=\"wp-block-heading\">\u00bfQu\u00e9 datos recopilamos y c\u00f3mo?<\/h2>\r\n\r\n\r\n\r\n<p data-start=\"785\" data-end=\"875\">Cuando interact\u00faas con nuestro sitio web, podemos recopilar los siguientes tipos de datos:<\/p>\r\n<ul data-start=\"877\" data-end=\"3317\">\r\n<li data-start=\"877\" data-end=\"1258\">\r\n<p data-start=\"879\" data-end=\"1258\"><strong data-start=\"879\" data-end=\"894\">Comentarios<\/strong>: si dejas un comentario en el blog o en otras secciones de la web, recopilamos los datos que aparecen en el formulario de comentarios (como nombre, correo electr\u00f3nico, sitio web si lo proporcionas). Adicionalmente, guardamos la direcci\u00f3n IP del visitante y la cadena del agente de usuario del navegador (user agent) para ayudarnos a detectar y prevenir el spam.<\/p>\r\n<\/li>\r\n<li data-start=\"1966\" data-end=\"2245\">\r\n<p data-start=\"1968\" data-end=\"2245\"><strong data-start=\"1968\" data-end=\"1989\">Datos de contacto<\/strong>: si utilizas formularios de contacto o solicitas una sesi\u00f3n \/ servicio, podremos recopilar tu nombre, correo electr\u00f3nico y cualquier otro dato adicional que t\u00fa nos proporciones voluntariamente (por ejemplo, mensaje, referencia, enlace a redes sociales).<\/p>\r\n<\/li>\r\n<li data-start=\"2246\" data-end=\"3317\">\r\n<p data-start=\"2248\" data-end=\"2280\"><strong data-start=\"2248\" data-end=\"2277\">Cookies y datos de sesi\u00f3n<\/strong>:<\/p>\r\n<ul data-start=\"2283\" data-end=\"3317\">\r\n<li data-start=\"2283\" data-end=\"2553\">\r\n<p data-start=\"2285\" data-end=\"2553\">Si dejas un comentario, puedes optar (a trav\u00e9s del navegador) por guardar tu nombre, direcci\u00f3n de correo electr\u00f3nico y sitio web en cookies. Esto es para tu comodidad, de modo que no tengas que reingresar tus datos en futuros comentarios. Estas cookies duran un a\u00f1o.<\/p>\r\n<\/li>\r\n<li data-start=\"2556\" data-end=\"2776\">\r\n<p data-start=\"2558\" data-end=\"2776\">Si tienes una cuenta en <em data-start=\"2582\" data-end=\"2603\">Simon Jano Sessions<\/em> y te conectas, instalamos una cookie temporal para verificar si tu navegador acepta cookies; esta cookie no contiene datos personales y desaparece al cerrar el navegador.<\/p>\r\n<\/li>\r\n<li data-start=\"2779\" data-end=\"3134\">\r\n<p data-start=\"2781\" data-end=\"3134\">Cuando inicias sesi\u00f3n, almacenamos cookies para guardar tu informaci\u00f3n de inicio de sesi\u00f3n y tus opciones de visualizaci\u00f3n. Las cookies de acceso duran dos d\u00edas, y las cookies con tus preferencias de visualizaci\u00f3n duran un a\u00f1o. Si seleccionas \u201cRecu\u00e9rdame\u201d, tu conexi\u00f3n permanecer\u00e1 por dos semanas. Si cierras sesi\u00f3n, las cookies de acceso se eliminan.<\/p>\r\n<\/li>\r\n<li data-start=\"3137\" data-end=\"3317\">\r\n<p data-start=\"3139\" data-end=\"3317\">Si editas o publicas un art\u00edculo, se guarda una cookie adicional que indica el ID del art\u00edculo que editaste. Esta cookie no contiene datos personales y caduca despu\u00e9s de 1 d\u00eda.<\/p>\r\n<\/li>\r\n<\/ul>\r\n<\/li>\r\n<\/ul>\r\n\r\n\r\n\r\n<h2 class=\"wp-block-heading\">C\u00f3mo usamos tus datos<\/h2>\r\n\r\n\r\n\r\n<p data-start=\"3350\" data-end=\"3409\">Los datos que recopilamos se usan con los siguientes fines:<\/p>\r\n<ul data-start=\"3411\" data-end=\"4039\">\r\n<li data-start=\"3411\" data-end=\"3479\">\r\n<p data-start=\"3413\" data-end=\"3479\">Para moderar, aprobar y mostrar los comentarios en el sitio web.<\/p>\r\n<\/li>\r\n<li data-start=\"3480\" data-end=\"3562\">\r\n<p data-start=\"3482\" data-end=\"3562\">Para verificar y prevenir el spam y el abuso en los comentarios y formularios.<\/p>\r\n<\/li>\r\n<li data-start=\"3563\" data-end=\"3641\">\r\n<p data-start=\"3565\" data-end=\"3641\">Para personalizar y mostrar tu imagen de perfil (avatar) si usas Gravatar.<\/p>\r\n<\/li>\r\n<li data-start=\"3642\" data-end=\"3730\">\r\n<p data-start=\"3644\" data-end=\"3730\">Para permitirte iniciar sesi\u00f3n y administrar tu cuenta, si tienes una cuenta activa.<\/p>\r\n<\/li>\r\n<li data-start=\"3731\" data-end=\"3876\">\r\n<p data-start=\"3733\" data-end=\"3876\">Para mejorar la experiencia del usuario, recordar tus preferencias de visualizaci\u00f3n, y evitar que tengas que reingresar la misma informaci\u00f3n.<\/p>\r\n<\/li>\r\n<li data-start=\"3877\" data-end=\"4039\">\r\n<p data-start=\"3879\" data-end=\"4039\">Para responder a tus consultas, mensajes de contacto o solicitudes de sesiones, y para mantener comunicaci\u00f3n contigo en relaci\u00f3n a tus peticiones o servicios.<\/p>\r\n<\/li>\r\n<\/ul>\r\n\r\n\r\n\r\n<h2 class=\"wp-block-heading\">Conservaci\u00f3n de los datos<\/h2>\r\n\r\n\r\n\r\n<ul>\r\n<li data-start=\"4076\" data-end=\"4275\">\r\n<p data-start=\"4078\" data-end=\"4275\">Los comentarios y sus metadatos se conservan <strong data-start=\"4123\" data-end=\"4142\">indefinidamente<\/strong>. Esto permite reconocer y aprobar autom\u00e1ticamente tus comentarios futuros, sin necesidad de mantenerlos en una cola de moderaci\u00f3n.<\/p>\r\n<\/li>\r\n<li data-start=\"4276\" data-end=\"4682\">\r\n<p data-start=\"4278\" data-end=\"4682\">La informaci\u00f3n de los usuarios registrados (si los hay) se almacena mientras la cuenta permanezca activa, y puede incluir datos que el usuario haya proporcionado en su perfil. Los usuarios registrados pueden ver, editar o solicitar la eliminaci\u00f3n de su informaci\u00f3n personal en cualquier momento (excepto su nombre de usuario). Los administradores del sitio tambi\u00e9n pueden ver y editar esta informaci\u00f3n.<\/p>\r\n<\/li>\r\n<li data-start=\"4683\" data-end=\"4892\">\r\n<p data-start=\"4685\" data-end=\"4892\">Si un usuario solicita la eliminaci\u00f3n de su cuenta o de sus datos, procederemos a eliminarla, salvo los datos que estamos legalmente obligados a conservar por motivos administrativos, legales o de seguridad.<\/p>\r\n<\/li>\r\n<\/ul>\r\n\r\n\r\n\r\n<h2 class=\"wp-block-heading\">Tus derechos sobre tus datos<\/h2>\r\n\r\n\r\n\r\n<p data-start=\"4932\" data-end=\"5037\">Como usuario o visitante, tienes ciertos derechos en relaci\u00f3n con los datos que t\u00fa nos has proporcionado:<\/p>\r\n<ul data-start=\"5039\" data-end=\"5670\">\r\n<li data-start=\"5039\" data-end=\"5250\">\r\n<p data-start=\"5041\" data-end=\"5250\">Puedes solicitar un archivo de exportaci\u00f3n con todos los datos personales que tenemos sobre ti, incluyendo los que nos hayas proporcionado voluntariamente (comentarios, formulario de contacto, perfil, etc.).<\/p>\r\n<\/li>\r\n<li data-start=\"5251\" data-end=\"5322\">\r\n<p data-start=\"5253\" data-end=\"5322\">Puedes solicitar que borremos cualquier dato personal que tengamos.<\/p>\r\n<\/li>\r\n<li data-start=\"5323\" data-end=\"5486\">\r\n<p data-start=\"5325\" data-end=\"5486\">Ten en cuenta que hay ciertos datos que no podemos borrar si estamos obligados legalmente a conservarlos (por motivos administrativos, legales o de seguridad).<\/p>\r\n<\/li>\r\n<li data-start=\"5487\" data-end=\"5670\">\r\n<p data-start=\"5489\" data-end=\"5670\">Si tienes una cuenta en <em data-start=\"5513\" data-end=\"5534\">Simon Jano Sessions<\/em> o has dejado comentarios, puedes ver, modificar o eliminar la informaci\u00f3n de tu perfil cuando quieras (excepto tu nombre de usuario).<\/p>\r\n<\/li>\r\n<\/ul>\r\n\r\n\r\n\r\n<h2 class=\"wp-block-heading\">Con qui\u00e9n compartimos tus datos<\/h2>\r\n\r\n\r\n\r\n<ul data-start=\"5713\" data-end=\"6265\">\r\n<li data-start=\"5713\" data-end=\"5837\">\r\n<p data-start=\"5715\" data-end=\"5837\">Si solicitas restablecer tu contrase\u00f1a, tu direcci\u00f3n IP puede ser incluida en el correo electr\u00f3nico de restablecimiento.<\/p>\r\n<\/li>\r\n<li data-start=\"5838\" data-end=\"6010\">\r\n<p data-start=\"5840\" data-end=\"6010\">Los comentarios de los visitantes pueden ser revisados por un <strong data-start=\"5902\" data-end=\"5948\">servicio de detecci\u00f3n de spam automatizado<\/strong> que usamos para proteger el sitio del spam malintencionado.<\/p>\r\n<\/li>\r\n<li data-start=\"6011\" data-end=\"6120\">\r\n<p data-start=\"6013\" data-end=\"6120\">No compartimos tus datos personales con terceros para fines de marketing sin tu consentimiento expl\u00edcito.<\/p>\r\n<\/li>\r\n<li data-start=\"6121\" data-end=\"6265\">\r\n<p data-start=\"6123\" data-end=\"6265\">En casos excepcionales, podemos compartir datos si as\u00ed lo requiere la ley, una autoridad competente o para proteger nuestros derechos legales.<\/p>\r\n<\/li>\r\n<\/ul>\r\n\r\n\r\n\r\n\r\n\r\n<h2 class=\"wp-block-heading\">Cambios en esta Pol\u00edtica de Privacidad<\/h2>\r\n\r\n\r\n\r\n<p>Podemos actualizar esta Pol\u00edtica de Privacidad de vez en cuando. Cuando lo hagamos, te informaremos a trav\u00e9s de un aviso visible en el sitio web o mediante correo electr\u00f3nico, si hemos recopilado tu direcci\u00f3n. Te recomendamos que revises esta p\u00e1gina peri\u00f3dicamente para estar al tanto de cualquier cambio.<\/p>\r\n\r\n<p>&nbsp;<\/p>","protected":false},"excerpt":{"rendered":"<p>Qui\u00e9nes somos La direcci\u00f3n de nuestra web es: https:\/\/simonjanosessions.com\/ En  [&#8230;]<\/p>","protected":false},"author":1,"featured_media":0,"parent":0,"menu_order":0,"comment_status":"closed","ping_status":"closed","template":"100-width.php","meta":{"footnotes":""},"class_list":["post-4662","page","type-page","status-publish","hentry"],"_links":{"self":[{"href":"https:\/\/simonjanosessions.com\/en\/wp-json\/wp\/v2\/pages\/4662","targetHints":{"allow":["GET"]}}],"collection":[{"href":"https:\/\/simonjanosessions.com\/en\/wp-json\/wp\/v2\/pages"}],"about":[{"href":"https:\/\/simonjanosessions.com\/en\/wp-json\/wp\/v2\/types\/page"}],"author":[{"embeddable":true,"href":"https:\/\/simonjanosessions.com\/en\/wp-json\/wp\/v2\/users\/1"}],"replies":[{"embeddable":true,"href":"https:\/\/simonjanosessions.com\/en\/wp-json\/wp\/v2\/comments?post=4662"}],"version-history":[{"count":3,"href":"https:\/\/simonjanosessions.com\/en\/wp-json\/wp\/v2\/pages\/4662\/revisions"}],"predecessor-version":[{"id":4667,"href":"https:\/\/simonjanosessions.com\/en\/wp-json\/wp\/v2\/pages\/4662\/revisions\/4667"}],"wp:attachment":[{"href":"https:\/\/simonjanosessions.com\/en\/wp-json\/wp\/v2\/media?parent=4662"}],"curies":[{"name":"wp","href":"https:\/\/api.w.org\/{rel}","templated":true}]}}